{"id":6,"date":"2019-02-10T04:28:05","date_gmt":"2019-02-10T03:28:05","guid":{"rendered":"http:\/\/teuflischekreaturen.at\/?page_id=6"},"modified":"2024-06-25T10:37:35","modified_gmt":"2024-06-25T08:37:35","slug":"ueber-uns","status":"publish","type":"page","link":"http:\/\/www.teuflischekreaturen.at\/htdocs\/ueber-uns\/","title":{"rendered":"Chronik"},"content":{"rendered":"\n<figure class=\"wp-block-image is-resized\"><img loading=\"lazy\" decoding=\"async\" width=\"405\" height=\"79\" src=\"http:\/\/www.teuflischekreaturen.at\/wp-content\/uploads\/2019\/06\/\u00dcber-uns-2.png\" alt=\"\" class=\"wp-image-793\" style=\"width:321px;height:63px\" srcset=\"http:\/\/www.teuflischekreaturen.at\/wp-content\/uploads\/2019\/06\/\u00dcber-uns-2.png 405w, http:\/\/www.teuflischekreaturen.at\/wp-content\/uploads\/2019\/06\/\u00dcber-uns-2-300x59.png 300w, http:\/\/www.teuflischekreaturen.at\/wp-content\/uploads\/2019\/06\/\u00dcber-uns-2-210x41.png 210w\" sizes=\"auto, (max-width: 405px) 100vw, 405px\" \/><\/figure>\n\n\n<div class=\"wp-block-image\">\n<figure class=\"alignleft is-resized\"><img loading=\"lazy\" decoding=\"async\" width=\"362\" height=\"427\" src=\"http:\/\/www.teuflischekreaturen.at\/wp-content\/uploads\/2019\/06\/image001-1.jpg\" alt=\"\" class=\"wp-image-239\" style=\"width:373px;height:440px\" srcset=\"http:\/\/www.teuflischekreaturen.at\/wp-content\/uploads\/2019\/06\/image001-1.jpg 362w, http:\/\/www.teuflischekreaturen.at\/wp-content\/uploads\/2019\/06\/image001-1-254x300.jpg 254w, http:\/\/www.teuflischekreaturen.at\/wp-content\/uploads\/2019\/06\/image001-1-178x210.jpg 178w\" sizes=\"auto, (max-width: 362px) 100vw, 362px\" \/><\/figure><\/div>\n\n\n<p style=\"text-align: center;\"><span style=\"font-family: times new roman, times; font-size: 12pt; color: #ffffff;\">Die &#8222;<strong>TEUFLISCHEN KREATUREN<\/strong>&#8220; haben ihren Sitz in Kittsee und wurden am 18.10.2018 von der Obfrau Karin Windisch, den Obfrau Stellvertreter Domanek Stefan und dem Gr\u00fcndungsmitglied Windisch Dominik gegr\u00fcndet.<\/span><\/p>\n\n\n\n<p style=\"text-align: center;\"><span style=\"font-family: times new roman, times; font-size: 12pt; color: #ffffff;\">Unser Verein, dessen T\u00e4tigkeit nicht auf Gewinn gerichtet ist, bezweckt die Erhaltung, Pflege und F\u00f6rderung des alten Perchtenbrauchtums und soll f\u00fcr junge sowie auch f\u00fcr \u00e4ltere Leute eine M\u00f6glichkeit sein, bei uns mitwirken zu k\u00f6nnen um mit diesem Brauchtum, Freude und Staunen f\u00fcr tolle Abende und Veranstaltungen verbreiten zu k\u00f6nnen.<\/span><\/p>\n\n\n\n<p style=\"text-align: center;\"><span style=\"font-family: times new roman, times; font-size: 12pt; color: #ffffff;\">Wir verfolgen ausschlie\u00dflich und unmittelbar gemeinn\u00fctzige bzw. mildt\u00e4tige Zwecke.<\/span><\/p>\n\n\n\n<p style=\"text-align: center;\"><span style=\"font-family: times new roman, times; font-size: 12pt; color: #ffffff;\">Unser Perchtenverein bezweckt insbesondere die Unterhaltung- Unterst\u00fctzung und F\u00f6rderung gemeinn\u00fctziger Objekte.<\/span><\/p>\n\n\n\n<p style=\"text-align: center;\"><span style=\"font-family: times new roman, times; font-size: 12pt; color: #ffffff;\">Zurzeit besteht unser Verein aus 45 Mitgliedern.<\/span><\/p>\n\n\n\n<p style=\"text-align: center;\"><span style=\"font-family: times new roman, times; font-size: 12pt; color: #ffffff;\">Wir hoffen, dass sich noch viele weitere Personen melden, die Lust dazu haben sich uns anzuschlie\u00dfen und so den weiteren Aufbau unseres Vereins unterst\u00fctzen.<\/span><\/p>\n\n\n\n<p style=\"text-align: center;\"><span style=\"font-family: times new roman, times; font-size: 12pt; color: #ffffff;\">Wir m\u00f6chten tolle Veranstaltungen organisieren mit befreundeten Vereinen gruselige, aber freudvolle Abende gestalten, damit man sehen kann, wie toll dieser Brauchtum ist und wie viel Spa\u00df es macht, diese T\u00e4tigkeit richtig aufleben zu lassen.<\/span><\/p>\n\n\n\n<figure class=\"wp-block-image alignfull\"><img loading=\"lazy\" decoding=\"async\" width=\"706\" height=\"104\" src=\"http:\/\/www.teuflischekreaturen.at\/wp-content\/uploads\/2019\/06\/falls-wir-euer-Interesse-geweckt-haben2.png\" alt=\"\" class=\"wp-image-785\" srcset=\"http:\/\/www.teuflischekreaturen.at\/wp-content\/uploads\/2019\/06\/falls-wir-euer-Interesse-geweckt-haben2.png 706w, http:\/\/www.teuflischekreaturen.at\/wp-content\/uploads\/2019\/06\/falls-wir-euer-Interesse-geweckt-haben2-300x44.png 300w, http:\/\/www.teuflischekreaturen.at\/wp-content\/uploads\/2019\/06\/falls-wir-euer-Interesse-geweckt-haben2-210x31.png 210w\" sizes=\"auto, (max-width: 706px) 100vw, 706px\" \/><\/figure>\n\n\n\n<figure class=\"wp-block-gallery aligncenter has-nested-images columns-default is-cropped wp-block-gallery-1 is-layout-flex wp-block-gallery-is-layout-flex\">\n<figure class=\"wp-block-image\"><img loading=\"lazy\" decoding=\"async\" width=\"925\" height=\"623\" data-id=\"860\" src=\"http:\/\/www.teuflischekreaturen.at\/wp-content\/uploads\/2019\/06\/Visitenkarte-gro\u00df-1.png\" alt=\"\" class=\"wp-image-860\" srcset=\"http:\/\/www.teuflischekreaturen.at\/wp-content\/uploads\/2019\/06\/Visitenkarte-gro\u00df-1.png 925w, http:\/\/www.teuflischekreaturen.at\/wp-content\/uploads\/2019\/06\/Visitenkarte-gro\u00df-1-300x202.png 300w, http:\/\/www.teuflischekreaturen.at\/wp-content\/uploads\/2019\/06\/Visitenkarte-gro\u00df-1-768x517.png 768w, http:\/\/www.teuflischekreaturen.at\/wp-content\/uploads\/2019\/06\/Visitenkarte-gro\u00df-1-210x141.png 210w\" sizes=\"auto, (max-width: 925px) 100vw, 925px\" \/><\/figure>\n<\/figure>\n\n\n\n<figure class=\"wp-block-image alignwide\"><img loading=\"lazy\" decoding=\"async\" width=\"633\" height=\"64\" src=\"http:\/\/www.teuflischekreaturen.at\/wp-content\/uploads\/2019\/06\/Wir-freuen-uns-auf-euch.png\" alt=\"\" class=\"wp-image-813\" srcset=\"http:\/\/www.teuflischekreaturen.at\/wp-content\/uploads\/2019\/06\/Wir-freuen-uns-auf-euch.png 633w, http:\/\/www.teuflischekreaturen.at\/wp-content\/uploads\/2019\/06\/Wir-freuen-uns-auf-euch-300x30.png 300w, http:\/\/www.teuflischekreaturen.at\/wp-content\/uploads\/2019\/06\/Wir-freuen-uns-auf-euch-210x21.png 210w\" sizes=\"auto, (max-width: 633px) 100vw, 633px\" \/><\/figure>\n","protected":false},"excerpt":{"rendered":"<p>Die &#8222;TEUFLISCHEN KREATUREN&#8220; haben ihren Sitz in Kittsee und wurden am 18.10.2018 von der Obfrau Karin Windisch, den Obfrau Stellvertreter Domanek Stefan und dem Gr\u00fcndungsmitglied Windisch Dominik gegr\u00fcndet. Unser Verein, dessen T\u00e4tigkeit nicht auf Gewinn gerichtet ist, bezweckt die Erhaltung, Pflege und F\u00f6rderung des alten Perchtenbrauchtums und soll f\u00fcr junge sowie auch f\u00fcr \u00e4ltere Leute [&hellip;]<\/p>\n","protected":false},"author":1,"featured_media":0,"parent":0,"menu_order":0,"comment_status":"closed","ping_status":"closed","template":"","meta":{"footnotes":""},"class_list":["post-6","page","type-page","status-publish","hentry"],"_links":{"self":[{"href":"http:\/\/www.teuflischekreaturen.at\/htdocs\/wp-json\/wp\/v2\/pages\/6","targetHints":{"allow":["GET"]}}],"collection":[{"href":"http:\/\/www.teuflischekreaturen.at\/htdocs\/wp-json\/wp\/v2\/pages"}],"about":[{"href":"http:\/\/www.teuflischekreaturen.at\/htdocs\/wp-json\/wp\/v2\/types\/page"}],"author":[{"embeddable":true,"href":"http:\/\/www.teuflischekreaturen.at\/htdocs\/wp-json\/wp\/v2\/users\/1"}],"replies":[{"embeddable":true,"href":"http:\/\/www.teuflischekreaturen.at\/htdocs\/wp-json\/wp\/v2\/comments?post=6"}],"version-history":[{"count":31,"href":"http:\/\/www.teuflischekreaturen.at\/htdocs\/wp-json\/wp\/v2\/pages\/6\/revisions"}],"predecessor-version":[{"id":1995,"href":"http:\/\/www.teuflischekreaturen.at\/htdocs\/wp-json\/wp\/v2\/pages\/6\/revisions\/1995"}],"wp:attachment":[{"href":"http:\/\/www.teuflischekreaturen.at\/htdocs\/wp-json\/wp\/v2\/media?parent=6"}],"curies":[{"name":"wp","href":"https:\/\/api.w.org\/{rel}","templated":true}]}}