{"id":3,"date":"2019-02-10T04:20:57","date_gmt":"2019-02-10T03:20:57","guid":{"rendered":"http:\/\/teuflischekreaturen.at\/?page_id=3"},"modified":"2019-07-05T12:41:29","modified_gmt":"2019-07-05T10:41:29","slug":"impressum","status":"publish","type":"page","link":"http:\/\/www.teuflischekreaturen.at\/htdocs\/impressum\/","title":{"rendered":"Impressum"},"content":{"rendered":"\n<p style=\"text-align: center;\"><span style=\"font-family: never; font-size: 36px; color: #ff0000;\">Impressum<\/span><\/p>\n<p style=\"text-align: left;\"><span style=\"font-size: 16px;\"><span style=\"font-family: georgia, palatino; color: #ffffff;\">Perchtenverein &#8222;Teuflische Kreaturen&#8220; aus Kittsee, <\/span><span style=\"font-family: georgia, palatino; color: #ffffff;\">(Obfrau) Karin Windisch, Tel.: 0660 \/ 77 33 555, <\/span><span style=\"color: #ffffff; font-family: georgia, palatino;\">Inhaltlicher Verantwortlicher gem\u00e4\u00df&nbsp; \u00a7 10 Absatz 3 MDStv: <\/span><span style=\"color: #ffffff; font-family: georgia, palatino;\">Perchtenverein &#8222;Teuflische Kreaturen&#8220;&nbsp; ZVR-Zahl 1207379936 <\/span><\/span><\/p>\n<p style=\"text-align: center;\"><span style=\"color: #ff0000; font-family: never; font-size: 36px;\">Haftungshinweis:<\/span><\/p>\n<p><span style=\"font-family: georgia, palatino; color: #ffffff;\"><span style=\"font-size: 16px;\">Die Inhalte dieser Webseite werden mit gr\u00f6\u00dftm\u00f6glicher Sorgfalt recherchiert. Fehler im Bearbeitungsvorgang sind dennoch nicht auszuschlie\u00dfen. Es wird daher keine Gew\u00e4hr f\u00fcr die Richtigkeit und Vollst\u00e4ndigkeit der angebotenen Informationen geboten. Trotz sorgf\u00e4ltiger inhaltlicher Kontrolle \u00fcbernehmen wir keine Haftung f\u00fcr die Inhalte externer Links. F\u00fcr den Inhalt der verlinkten Seiten sind ausschlie\u00dflich deren Betreiber verantwortlich.<\/span> <\/span><\/p>\n<p style=\"text-align: center;\"><span style=\"font-family: never; color: #ff0000; font-size: 32px;\">&nbsp;<span style=\"font-size: 36px;\">Haftungsausschluss:<\/span><\/span><\/p>\n<p><span style=\"font-family: georgia, palatino; color: #ffffff;\"><span class=\"ff1 cf2 cb1 fs24\"><span style=\"font-size: 16px;\">Das Landgericht Hamburg hat mit Urteil vom 12.05.1998 entschieden, dass durch die Ausbringung eines Links die Inhalte der gelinkten Seite ggf. mit zu verantworten sind. Dies kann &#8211;<wbr> so das LG &#8211;<wbr> nur dadurch verhindert werden, dass sich der Betreiber einer Website ausdr\u00fccklich von diesen Inhalten distanziert.<\/span><br><span style=\"font-size: 16px;\">Der Perchtenverein &#8222;Teuflische Kreaturen&#8220; und die meisten Partnerdomains verweisen mit Links zu anderen Seiten im Internet. <\/span><\/span><\/span><\/p>\n<p><span style=\"font-family: georgia, palatino; color: #ffffff;\"><span class=\"ff1 cf2 cb1 fs24\"><span style=\"font-size: 16px;\">F\u00fcr diese F\u00e4lle gilt: <\/span><\/span><\/span><\/p>\n<p><span style=\"font-family: georgia, palatino; color: #ffffff;\"><span class=\"ff1 cf2 cb1 fs24\"><span style=\"font-size: 16px;\">Wir, die Betreiber vom &#8222;Perchtenverein &#8222;Teuflische Kreaturen&#8220; erkl\u00e4ren ausdr\u00fccklich, dass wir keinerlei Einfluss auf die Gestaltung und die Inhalte der gelinkten und eingespielten Seiten haben. Aus diesem Grunde distanzieren wir uns von unseren Partnerseiten ausdr\u00fccklich von allen Inhalten aller gelinkten Seiten auf der Website und machen sich diese Inhalte nicht zu Eigen. Diese Erkl\u00e4rung gilt f\u00fcr alle Seiten, zu denen Links f\u00fchren.<\/span><\/span><\/span><\/p>\n<p>&nbsp;<\/p>\n\n\n\n<p style=\"text-align: center;\"><span style=\"font-family: never; font-size: 36px; color: #ff0000;\">Weitere Hinweise:<\/span><\/p>\n<p><span style=\"font-family: georgia, palatino; font-size: 16px; color: #ffffff;\">F\u00fcr den Fall, dass Verlinkungen durch fremde Internetseiten erfolgen, die einen rechtswidrigen Inhalt aufweisen oder sonst geeignet sein k\u00f6nnten, den Interessen oder dem Ansehen unseres Vereines zu schaden, werden rechtliche Schritte eingeleitet.<\/span><\/p>\n<p><span style=\"font-family: georgia, palatino; font-size: 16px; color: #ffffff;\">S\u00e4mtliche Informationen, Dokumente, Artikel und Fotografien auf dieser Webseite unterliegen dem Copyright und sind urheberrechtlich gesch\u00fctzt. Jegliche Weiterverwendung bedarf der ausdr\u00fccklichen Genehmigung. Alle Rechte bleiben Vorbehalten.<\/span><\/p>\n<p><span style=\"font-family: georgia, palatino; font-size: 16px; color: #ffffff;\">Als Homepage-Betreuerin bin ich, Karin Windisch, f\u00fcr die Gestaltung, Eintr\u00e4ge, \u00c4nderungen und Bearbeitung der Homepage zust\u00e4ndig.\u00a0<\/span><\/p>\n<p><span style=\"color: #ffffff; font-family: georgia, palatino; font-size: 16px;\">Ich bin f\u00fcr alle Anregungen, Ideen, Veranstaltugen und Informationen bez\u00fcglich unseres Vereins dankbar.<br \/><\/span><\/p>\n<p><span style=\"color: #ffffff; font-family: georgia, palatino; font-size: 16px;\">Ihr k\u00f6nnt mich \u00fcber unser Kontaktformular oder unter der Tel.Nr.: 0660 \/ 77 33 555 erreichen.<\/span><\/p>\n<p><span style=\"color: #ffffff; font-family: georgia, palatino; font-size: 16px;\">Ich bedanke mich f\u00fcr eure Aufmerksamkeit und verbleibe<\/span><\/p>\n<p><span style=\"color: #ffffff; font-family: georgia, palatino; font-size: 16px;\">mit schaurig-perchtigen Gr\u00fc\u00dfen <\/span><span style=\"font-family: georgia, palatino; font-size: 16px; color: #ffffff;\"><span style=\"font-family: metalurdoregular; font-size: 36px;\">\u00a0<\/span><\/span><\/p>\n<p><span style=\"font-family: georgia, palatino; font-size: 16px; color: #ffffff;\"><span style=\"font-family: metalurdoregular; font-size: 36px; color: #ff9900;\">Karin Windisch<\/span><br \/><\/span><\/p>\n\n\n\n<p><\/p>\n","protected":false},"excerpt":{"rendered":"<p>Impressum Perchtenverein &#8222;Teuflische Kreaturen&#8220; aus Kittsee, (Obfrau) Karin Windisch, Tel.: 0660 \/ 77 33 555, Inhaltlicher Verantwortlicher gem\u00e4\u00df&nbsp; \u00a7 10 Absatz 3 MDStv: Perchtenverein &#8222;Teuflische Kreaturen&#8220;&nbsp; ZVR-Zahl 1207379936 Haftungshinweis: Die Inhalte dieser Webseite werden mit gr\u00f6\u00dftm\u00f6glicher Sorgfalt recherchiert. Fehler im Bearbeitungsvorgang sind dennoch nicht auszuschlie\u00dfen. Es wird daher keine Gew\u00e4hr f\u00fcr die Richtigkeit und Vollst\u00e4ndigkeit [&hellip;]<\/p>\n","protected":false},"author":1,"featured_media":0,"parent":0,"menu_order":0,"comment_status":"closed","ping_status":"closed","template":"","meta":{"footnotes":""},"class_list":["post-3","page","type-page","status-publish","hentry"],"_links":{"self":[{"href":"http:\/\/www.teuflischekreaturen.at\/htdocs\/wp-json\/wp\/v2\/pages\/3","targetHints":{"allow":["GET"]}}],"collection":[{"href":"http:\/\/www.teuflischekreaturen.at\/htdocs\/wp-json\/wp\/v2\/pages"}],"about":[{"href":"http:\/\/www.teuflischekreaturen.at\/htdocs\/wp-json\/wp\/v2\/types\/page"}],"author":[{"embeddable":true,"href":"http:\/\/www.teuflischekreaturen.at\/htdocs\/wp-json\/wp\/v2\/users\/1"}],"replies":[{"embeddable":true,"href":"http:\/\/www.teuflischekreaturen.at\/htdocs\/wp-json\/wp\/v2\/comments?post=3"}],"version-history":[{"count":25,"href":"http:\/\/www.teuflischekreaturen.at\/htdocs\/wp-json\/wp\/v2\/pages\/3\/revisions"}],"predecessor-version":[{"id":1348,"href":"http:\/\/www.teuflischekreaturen.at\/htdocs\/wp-json\/wp\/v2\/pages\/3\/revisions\/1348"}],"wp:attachment":[{"href":"http:\/\/www.teuflischekreaturen.at\/htdocs\/wp-json\/wp\/v2\/media?parent=3"}],"curies":[{"name":"wp","href":"https:\/\/api.w.org\/{rel}","templated":true}]}}