{"id":2,"date":"2019-02-10T04:20:57","date_gmt":"2019-02-10T03:20:57","guid":{"rendered":"http:\/\/teuflischekreaturen.at\/?page_id=2"},"modified":"2024-03-02T10:03:08","modified_gmt":"2024-03-02T09:03:08","slug":"beispiel-seite","status":"publish","type":"page","link":"http:\/\/www.teuflischekreaturen.at\/htdocs\/","title":{"rendered":"Startseite"},"content":{"rendered":"\n<figure class=\"wp-block-image alignfull\"><img loading=\"lazy\" decoding=\"async\" width=\"847\" height=\"277\" src=\"http:\/\/www.teuflischekreaturen.at\/wp-content\/uploads\/2019\/06\/Herzlich-Willkommen-bei-den-TK-1.png\" alt=\"\" class=\"wp-image-771\" srcset=\"http:\/\/www.teuflischekreaturen.at\/wp-content\/uploads\/2019\/06\/Herzlich-Willkommen-bei-den-TK-1.png 847w, http:\/\/www.teuflischekreaturen.at\/wp-content\/uploads\/2019\/06\/Herzlich-Willkommen-bei-den-TK-1-300x98.png 300w, http:\/\/www.teuflischekreaturen.at\/wp-content\/uploads\/2019\/06\/Herzlich-Willkommen-bei-den-TK-1-768x251.png 768w, http:\/\/www.teuflischekreaturen.at\/wp-content\/uploads\/2019\/06\/Herzlich-Willkommen-bei-den-TK-1-210x69.png 210w\" sizes=\"auto, (max-width: 847px) 100vw, 847px\" \/><\/figure>\n\n\n\n<p style=\"text-align: center;\"><span style=\"font-family: never; color: #ffffff; font-size: 24px;\">Zu den Rauhn\u00e4chten zwischen Weihnachten und Dreik\u00f6nigstag<\/span><\/p>\n<p style=\"text-align: center;\"><span style=\"font-family: never; color: #ffffff; font-size: 24px;\">geh\u00f6ren sie einfach dazu<\/span><\/p>\n<p style=\"text-align: center;\"><span style=\"font-family: never; color: #ffffff; font-size: 24px;\"><strong>\u201e die Perchten \u201c<\/strong><\/span><\/p>\n<p style=\"text-align: center;\"><span style=\"font-family: never; color: #ffffff; font-size: 24px;\">Perchten sind umtriebige und furchterregende, teufels\u00e4hnliche Gestalten<\/span><\/p>\n<p style=\"text-align: center;\"><span style=\"font-family: never; color: #ffffff; font-size: 24px;\">des bayerisch-\u00f6sterreichischen <a style=\"color: #ffffff;\" href=\"https:\/\/de.wikipedia.org\/wiki\/Alpen\">alpenl\u00e4ndischen<\/a> <a style=\"color: #ffffff;\" href=\"https:\/\/de.wikipedia.org\/wiki\/Brauchtum\">Brauchtums<\/a>,<\/span><\/p>\n<p style=\"text-align: center;\"><span style=\"font-family: never; color: #ffffff; font-size: 24px;\">von denen es, vor allem in der Zeit von Ende November bis Januar,<\/span><\/p>\n<p style=\"text-align: center;\"><span style=\"font-family: never; color: #ffffff; font-size: 24px;\">mehrere verschiedene unterschiedliche Charakteren gibt.<\/span><\/p>\n<p style=\"text-align: center;\"><span style=\"font-family: never; color: #ffffff; font-size: 24px;\">Sie werden in zwei Gruppen zugeordnet:<\/span><\/p>\n<p style=\"text-align: center;\"><span style=\"font-family: never; color: #ffffff; font-size: 24px;\">den<strong> \u201eguten\u201c Sch\u00f6nperchten<\/strong> und den <strong>\u201eb\u00f6sen\u201c Schirchperchten<\/strong>,<\/span><\/p>\n<p style=\"text-align: center;\"><span style=\"font-family: never; color: #ffffff; font-size: 24px;\">die mit ihren umgeh\u00e4ngten Glocken nach einer Sage<\/span><\/p>\n<p style=\"text-align: center;\"><span style=\"font-family: never; color: #ffffff; font-size: 24px;\">den Winter\u00a0\u2013 bzw. die b\u00f6sen Geister des Winters\u00a0\u2013 austreiben sollen.<\/span><\/p>\n<p style=\"text-align: center;\"><span style=\"font-family: never; color: #ffffff; font-size: 24px;\">Dank ihnen d\u00fcrfen wir uns auf Gl\u00fcck und Fruchtbarkeit im neuen Jahr freuen.<\/span><\/p>\n<p style=\"text-align: center;\"><span style=\"font-family: never; color: #ffffff; font-size: 24px;\">Bei den <span style=\"font-family: georgia, palatino;\">12<\/span> Rauhn\u00e4chten handelt es sich um N\u00e4chte zwischen dem\u00a0\u00a0\u00a0 <\/span><\/p>\n<p style=\"text-align: center;\"><span style=\"font-family: never; color: #ffffff; font-size: 24px;\"><span style=\"font-family: georgia, palatino;\">24.<\/span> Dezember (urspr\u00fcnglich <span style=\"font-family: georgia, palatino;\">21.<\/span> Dezember : Thomastag) <\/span><\/p>\n<p style=\"text-align: center;\"><span style=\"font-family: never; color: #ffffff; font-size: 24px;\">und dem <\/span><span style=\"font-family: never; color: #ffffff; font-size: 24px;\"><span style=\"font-family: georgia, palatino;\">6<\/span>. J\u00e4nner.<\/span><\/p>\n<p style=\"text-align: center;\"><span style=\"font-family: never; color: #ffffff; font-size: 24px;\">Um diese Zeit wurde und wird oft mit Weihrauch Haus und Hof<\/span><\/p>\n<p style=\"text-align: center;\"><span style=\"font-family: never; color: #ffffff; font-size: 24px;\">ausger\u00e4uchert, um b\u00f6se Geister zu verjagen.<\/span><\/p>\n<p style=\"text-align: center;\"><span style=\"font-family: never; color: #ffffff; font-size: 24px;\">Diese d\u00fcrfen n\u00e4mlich in den Rauhn\u00e4chten ihr Unwesen treiben.<\/span><\/p>\n<p style=\"text-align: center;\"><span style=\"font-family: never; color: #ffffff; font-size: 24px;\">Laut dem O\u00d6 Brauchtumskalender ist der Perchtenabend<\/span><\/p>\n<p style=\"text-align: center;\"><span style=\"font-family: never; color: #ffffff; font-size: 24px;\">eine Zeit der Geisteraustreibung, die u.a. mit Ritualen<\/span><\/p>\n<p style=\"text-align: center;\"><span style=\"font-family: never; color: #ffffff; font-size: 24px;\">um haarige mythische Wesen gefeiert wird.<\/span><\/p>\n<p style=\"text-align: center;\"><span style=\"font-family: never; color: #ffffff; font-size: 24px;\">Der Vorabend zu Dreik\u00f6nig markiert das Ende der letzten Raunacht.<\/span><\/p>\n<p style=\"text-align: center;\"><span style=\"font-family: never; color: #ffffff; font-size: 24px;\">Um Mitternacht ist der Spuk, das Ende der mystischen Zeit<\/span><\/p>\n<p style=\"text-align: center;\"><span style=\"font-family: never; color: #ffffff; font-size: 24px;\">der \u00a0&#8222;Zw\u00f6lf Tage&#8220; \u00a0vorbei.<\/span><\/p>\n<p style=\"text-align: center;\"><span style=\"font-family: never; color: #ffffff; font-size: 24px;\">Traditionellerweise haben Perchten NUR in dieser Zeit etwas mit dem Brauchtum zu tun.<\/span><\/p>\n<p style=\"text-align: center;\"><span style=\"font-family: never; color: #ffffff; font-size: 24px;\">In der Regel sind es heutzutage \u00f6rtliche Perchtenvereine, mit m\u00f6glichst schaurig klingenden Namen, die unabh\u00e4ngig von der Zeit der Raun\u00e4chte Perchtenl\u00e4ufe veranstalten.<\/span><\/p>\n<p style=\"text-align: center;\"><span style=\"font-family: never; color: #ffffff; font-size: 24px;\">Diese Auftritte, die mit bengalischen Feuern und Horrormasken meistens schon im Advent stattfinden, werden auch mit dem Krampusbrauch verwechselt.<\/span><\/p>\n<p style=\"text-align: center;\"><span style=\"font-family: never; color: #ffffff; font-size: 24px;\">Der Krampus ist eine Schreckgestalt die den Heiligen Nikolaus <\/span><\/p>\n<p style=\"text-align: center;\"><span style=\"font-family: never; color: #ffffff; font-size: 24px;\">nur am 5. und 6. Dezember <\/span><\/p>\n<p style=\"text-align: center;\"><span style=\"font-family: never; color: #ffffff; font-size: 24px;\">als bestrafender Begleiter zur Seite steht .<\/span><\/p>\n<p style=\"text-align: center;\"><span style=\"font-family: never; color: #ffffff; font-size: 24px;\">Br\u00e4uche und Traditionen unterliegen in einer globalisierten Welt st\u00e4ndig Ver\u00e4nderungen und wird von allen aus einer anderen Perspektive betrachtet.<\/span><\/p>\n<p style=\"text-align: center;\"><span style=\"font-family: never; color: #ffffff; font-size: 24px;\">Die heutigen Perchten- und Krampusl\u00e4ufe sind: Tradition, Brauchtum, Spektakel, Event, Kommerz, Belustigung und Unterhaltung von der jeweiligen Art her v\u00f6llig verschieden.<\/span><\/p>\n<p style=\"text-align: center;\"><span style=\"font-family: never; color: #ffffff; font-size: 24px;\">Ohne sich nur strikt an die traditionelle Art und Weise des Brauchtums zu halten, begeistern diese Events, Shows und Auftritte im Moment viele Menschen und werden immer mehr <\/span><span style=\"font-family: never; color: #ffffff; font-size: 24px;\">zur Beliebtheit verschiedener Kulturen.<\/span><\/p>\n","protected":false},"excerpt":{"rendered":"<p>Zu den Rauhn\u00e4chten zwischen Weihnachten und Dreik\u00f6nigstag geh\u00f6ren sie einfach dazu \u201e die Perchten \u201c Perchten sind umtriebige und furchterregende, teufels\u00e4hnliche Gestalten des bayerisch-\u00f6sterreichischen alpenl\u00e4ndischen Brauchtums, von denen es, vor allem in der Zeit von Ende November bis Januar, mehrere verschiedene unterschiedliche Charakteren gibt. Sie werden in zwei Gruppen zugeordnet: den \u201eguten\u201c Sch\u00f6nperchten und den [&hellip;]<\/p>\n","protected":false},"author":1,"featured_media":0,"parent":0,"menu_order":0,"comment_status":"closed","ping_status":"closed","template":"","meta":{"footnotes":""},"class_list":["post-2","page","type-page","status-publish","hentry"],"_links":{"self":[{"href":"http:\/\/www.teuflischekreaturen.at\/htdocs\/wp-json\/wp\/v2\/pages\/2","targetHints":{"allow":["GET"]}}],"collection":[{"href":"http:\/\/www.teuflischekreaturen.at\/htdocs\/wp-json\/wp\/v2\/pages"}],"about":[{"href":"http:\/\/www.teuflischekreaturen.at\/htdocs\/wp-json\/wp\/v2\/types\/page"}],"author":[{"embeddable":true,"href":"http:\/\/www.teuflischekreaturen.at\/htdocs\/wp-json\/wp\/v2\/users\/1"}],"replies":[{"embeddable":true,"href":"http:\/\/www.teuflischekreaturen.at\/htdocs\/wp-json\/wp\/v2\/comments?post=2"}],"version-history":[{"count":39,"href":"http:\/\/www.teuflischekreaturen.at\/htdocs\/wp-json\/wp\/v2\/pages\/2\/revisions"}],"predecessor-version":[{"id":1877,"href":"http:\/\/www.teuflischekreaturen.at\/htdocs\/wp-json\/wp\/v2\/pages\/2\/revisions\/1877"}],"wp:attachment":[{"href":"http:\/\/www.teuflischekreaturen.at\/htdocs\/wp-json\/wp\/v2\/media?parent=2"}],"curies":[{"name":"wp","href":"https:\/\/api.w.org\/{rel}","templated":true}]}}