{"id":161,"date":"2019-06-22T00:10:18","date_gmt":"2019-06-21T22:10:18","guid":{"rendered":"http:\/\/teuflischekreaturen.at\/?page_id=161"},"modified":"2024-03-10T11:04:39","modified_gmt":"2024-03-10T10:04:39","slug":"kontakt","status":"publish","type":"page","link":"http:\/\/www.teuflischekreaturen.at\/htdocs\/kontakt\/","title":{"rendered":"Kontakt"},"content":{"rendered":"<div class=\"wp-block-image\">\n<figure class=\"aligncenter\"><img loading=\"lazy\" decoding=\"async\" width=\"285\" height=\"102\" src=\"http:\/\/www.teuflischekreaturen.at\/wp-content\/uploads\/2019\/06\/Kontakt.png\" alt=\"\" class=\"wp-image-840\" srcset=\"http:\/\/www.teuflischekreaturen.at\/wp-content\/uploads\/2019\/06\/Kontakt.png 285w, http:\/\/www.teuflischekreaturen.at\/wp-content\/uploads\/2019\/06\/Kontakt-210x75.png 210w\" sizes=\"auto, (max-width: 285px) 100vw, 285px\" \/><\/figure><\/div>\n\n\n<figure class=\"wp-block-image alignwide size-large\"><img loading=\"lazy\" decoding=\"async\" width=\"925\" height=\"623\" src=\"http:\/\/www.teuflischekreaturen.at\/wp-content\/uploads\/2019\/06\/Visitenkarte-gro\u00df.png\" alt=\"\" class=\"wp-image-855\" srcset=\"http:\/\/www.teuflischekreaturen.at\/wp-content\/uploads\/2019\/06\/Visitenkarte-gro\u00df.png 925w, http:\/\/www.teuflischekreaturen.at\/wp-content\/uploads\/2019\/06\/Visitenkarte-gro\u00df-300x202.png 300w, http:\/\/www.teuflischekreaturen.at\/wp-content\/uploads\/2019\/06\/Visitenkarte-gro\u00df-768x517.png 768w, http:\/\/www.teuflischekreaturen.at\/wp-content\/uploads\/2019\/06\/Visitenkarte-gro\u00df-210x141.png 210w\" sizes=\"auto, (max-width: 925px) 100vw, 925px\" \/><\/figure>\n\n\n\n<p>&nbsp;<\/p>\n<p>&nbsp;<\/p>\n<p style=\"text-align: center;\"><span style=\"font-family: never; color: #ff0000; font-size: 36px;\">Hier k\u00f6nnt ihr direkt \u00fcber <\/span><span style=\"font-family: never; color: #ff0000; font-size: 36px;\">unser Kontaktformular <\/span><\/p>\n<p style=\"text-align: center;\"><span style=\"font-family: never; color: #ff0000; font-size: 36px;\">an uns eine Nachricht \u00fcbermitteln.<\/span><\/p>\n\n\n\n<p style=\"text-align: center;\"><span style=\"font-family: never; font-size: 32px; color: #ffffff; background-color: #ff0000;\"><span style=\"background-color: #000000;\">&nbsp;<\/span><\/span><\/p>\n<p>&nbsp;<\/p>\n\n\n\n<p><span style=\"font-family: never; color: #ff9900; font-size: 24px;\"><span style=\"font-family: symbol;\">*<\/span> Es gilt die Datenschutzerkl\u00e4rung<\/span><\/p>\n<p>&nbsp;<\/p>\n\n\n\n<div class=\"wpcf7 no-js\" id=\"wpcf7-f1957-o1\" lang=\"de-DE\" dir=\"ltr\" data-wpcf7-id=\"1957\">\n<div class=\"screen-reader-response\"><p role=\"status\" aria-live=\"polite\" aria-atomic=\"true\"><\/p> <ul><\/ul><\/div>\n<form action=\"\/htdocs\/wp-json\/wp\/v2\/pages\/161#wpcf7-f1957-o1\" method=\"post\" class=\"wpcf7-form init\" aria-label=\"Kontaktformular\" novalidate=\"novalidate\" data-status=\"init\">\n<fieldset class=\"hidden-fields-container\"><input type=\"hidden\" name=\"_wpcf7\" value=\"1957\" \/><input type=\"hidden\" name=\"_wpcf7_version\" value=\"6.1.2\" \/><input type=\"hidden\" name=\"_wpcf7_locale\" value=\"de_DE\" \/><input type=\"hidden\" name=\"_wpcf7_unit_tag\" value=\"wpcf7-f1957-o1\" \/><input type=\"hidden\" name=\"_wpcf7_container_post\" value=\"0\" \/><input type=\"hidden\" name=\"_wpcf7_posted_data_hash\" value=\"\" \/><input type=\"hidden\" name=\"_wpcf7_recaptcha_response\" value=\"\" \/>\n<\/fieldset>\n<p><label> Dein Name<br \/>\n<span class=\"wpcf7-form-control-wrap\" data-name=\"your-name\"><input size=\"40\" maxlength=\"400\" class=\"wpcf7-form-control wpcf7-text wpcf7-validates-as-required\" autocomplete=\"name\" aria-required=\"true\" aria-invalid=\"false\" value=\"\" type=\"text\" name=\"your-name\" \/><\/span> <\/label>\n<\/p>\n<p><label> Deine E-Mail-Adresse<br \/>\n<span class=\"wpcf7-form-control-wrap\" data-name=\"your-email\"><input size=\"40\" maxlength=\"400\" class=\"wpcf7-form-control wpcf7-email wpcf7-validates-as-required wpcf7-text wpcf7-validates-as-email\" autocomplete=\"email\" aria-required=\"true\" aria-invalid=\"false\" value=\"\" type=\"email\" name=\"your-email\" \/><\/span> <\/label>\n<\/p>\n<p><label> Betreff<br \/>\n<span class=\"wpcf7-form-control-wrap\" data-name=\"your-subject\"><input size=\"40\" maxlength=\"400\" class=\"wpcf7-form-control wpcf7-text wpcf7-validates-as-required\" aria-required=\"true\" aria-invalid=\"false\" value=\"\" type=\"text\" name=\"your-subject\" \/><\/span> <\/label>\n<\/p>\n<p><label> Deine Nachricht (optional)<br \/>\n<span class=\"wpcf7-form-control-wrap\" data-name=\"your-message\"><textarea cols=\"40\" rows=\"10\" maxlength=\"2000\" class=\"wpcf7-form-control wpcf7-textarea\" aria-invalid=\"false\" name=\"your-message\"><\/textarea><\/span> <\/label>\n<\/p>\n<p><input class=\"wpcf7-form-control wpcf7-submit has-spinner\" type=\"submit\" value=\"Senden\" \/>\n<\/p><div class=\"wpcf7-response-output\" aria-hidden=\"true\"><\/div>\n<\/form>\n<\/div>\n\n\n\n\n<p>\u00a0<\/p>\n<p>\u00a0<\/p>\n<p>\u00a0<\/p>\n<p style=\"text-align: center;\"><span style=\"font-family: never; font-size: 28px; color: #ff0000;\">Wir sind steht\u00b4s bem\u00fcht so schnell wie m\u00f6glich zu antworten.<\/span><\/p>\n","protected":false},"excerpt":{"rendered":"<p>&nbsp; &nbsp; Hier k\u00f6nnt ihr direkt \u00fcber unser Kontaktformular an uns eine Nachricht \u00fcbermitteln. &nbsp; &nbsp; * Es gilt die Datenschutzerkl\u00e4rung &nbsp; \u00a0 \u00a0 \u00a0 Wir sind steht\u00b4s bem\u00fcht so schnell wie m\u00f6glich zu antworten.<\/p>\n","protected":false},"author":1,"featured_media":0,"parent":0,"menu_order":0,"comment_status":"closed","ping_status":"closed","template":"page-full-width.php","meta":{"footnotes":""},"class_list":["post-161","page","type-page","status-publish","hentry"],"_links":{"self":[{"href":"http:\/\/www.teuflischekreaturen.at\/htdocs\/wp-json\/wp\/v2\/pages\/161","targetHints":{"allow":["GET"]}}],"collection":[{"href":"http:\/\/www.teuflischekreaturen.at\/htdocs\/wp-json\/wp\/v2\/pages"}],"about":[{"href":"http:\/\/www.teuflischekreaturen.at\/htdocs\/wp-json\/wp\/v2\/types\/page"}],"author":[{"embeddable":true,"href":"http:\/\/www.teuflischekreaturen.at\/htdocs\/wp-json\/wp\/v2\/users\/1"}],"replies":[{"embeddable":true,"href":"http:\/\/www.teuflischekreaturen.at\/htdocs\/wp-json\/wp\/v2\/comments?post=161"}],"version-history":[{"count":24,"href":"http:\/\/www.teuflischekreaturen.at\/htdocs\/wp-json\/wp\/v2\/pages\/161\/revisions"}],"predecessor-version":[{"id":1971,"href":"http:\/\/www.teuflischekreaturen.at\/htdocs\/wp-json\/wp\/v2\/pages\/161\/revisions\/1971"}],"wp:attachment":[{"href":"http:\/\/www.teuflischekreaturen.at\/htdocs\/wp-json\/wp\/v2\/media?parent=161"}],"curies":[{"name":"wp","href":"https:\/\/api.w.org\/{rel}","templated":true}]}}