{"id":1165,"date":"2019-07-02T13:27:53","date_gmt":"2019-07-02T11:27:53","guid":{"rendered":"http:\/\/teuflischekreaturen.at\/?page_id=1165"},"modified":"2019-07-21T17:33:37","modified_gmt":"2019-07-21T15:33:37","slug":"datenschutzerklaerung","status":"publish","type":"page","link":"http:\/\/www.teuflischekreaturen.at\/htdocs\/datenschutzerklaerung\/","title":{"rendered":"Datenschutzerkl\u00e4rung"},"content":{"rendered":"\n<div class=\"wp-block-image\"><figure class=\"aligncenter size-large\"><img loading=\"lazy\" decoding=\"async\" width=\"652\" height=\"109\" src=\"http:\/\/www.teuflischekreaturen.at\/wp-content\/uploads\/2019\/06\/Datenschutz.png\" alt=\"\" class=\"wp-image-843\" srcset=\"http:\/\/www.teuflischekreaturen.at\/wp-content\/uploads\/2019\/06\/Datenschutz.png 652w, http:\/\/www.teuflischekreaturen.at\/wp-content\/uploads\/2019\/06\/Datenschutz-300x50.png 300w, http:\/\/www.teuflischekreaturen.at\/wp-content\/uploads\/2019\/06\/Datenschutz-210x35.png 210w\" sizes=\"auto, (max-width: 652px) 100vw, 652px\" \/><\/figure><\/div>\n\n\n\n<p><span style=\"font-family: georgia, palatino; font-size: 16px; color: #ffffff;\">Vielen Dank f\u00fcr Ihr Interesse an unserer Webseite des Perchtenvereins &#8220; Teuflische Kreaturen&#8220;.<\/span><\/p>\n\n\n\n<p><span style=\"font-family: georgia, palatino; font-size: 16px; color: #ffffff;\">Wir nehmen die Themen Datenschutz und Vertraulichkeit sehr ernst und folgen den geltenden nationalen und europ\u00e4ischen Datenschutzvorschriften. Deshalb m\u00f6chten wir Sie mit dieser Erkl\u00e4rung \u00fcber Ma\u00dfnahmen zum Datenschutz in Kenntnis setzen und dar\u00fcber informieren, welche Daten wir gegebenenfalls speichern und wie wir diese Daten verwenden.<\/span><\/p>\n\n\n\n<p><span style=\"font-family: georgia, palatino; font-size: 16px; color: #ffffff;\">Die Nutzung unserer Seite ist auch ohne Angabe von personenbezogenen Daten m\u00f6glich. F\u00fcr die Nutzung einzelner Services unserer Seite k\u00f6nnen sich hierf\u00fcr abweichende Regelungen ergeben, die in diesem Falle nachstehend gesondert erl\u00e4utert werden. Ihre personenbezogenen Daten (z.B. Name, Anschrift, E-Mail, Telefonnumer, u.\u00e4.) werden von uns nur gem\u00e4\u00df den Bestimmungen des Datenschutzrechts verarbeitet. Daten sind dann personenbezogen, wenn sie eindeutig einer bestimmten nat\u00fcrlichen Person zugeordnet werden k\u00f6nnen. Die rechtlichen Grundlagen des Datenschutzes finden Sie im Bundesdatenschutzgesetz (BDSG) und dem Telemediengesetz (TMG).<\/span><\/p>\n\n\n\n<h2><span style=\"font-family: never; color: #ffffff; font-size: 24px;\">Wer wir sind<\/span><\/h2>\n\n\n\n<p><span style=\"font-family: georgia, palatino; color: #ffffff; font-size: 16px;\">Die Adresse unserer Website ist:<span style=\"color: #ff9900;\"> http:\/\/www.teuflischekreaturen.at.<\/span><\/span><\/p>\n\n\n\n<p><span style=\"font-family: georgia, palatino; color: #ffffff; font-size: 16px;\">Wir, der Perchtenverein &#8222;Teuflische Kreaturen&#8220; aus Kittsee erheben aufgrund unseres berechtigten Interesses (s.Art. 6 Abs. 1 lit. f. DSGVO) Daten \u00fcber Zugriffe auf die Website und speichern diese als &#8222;Server-Logfiles&#8220; auf dem Server der Website ab. Folgende Daten werden so protokolliert:<\/span><\/p>\n<ul>\n<li><span style=\"font-family: georgia, palatino; font-size: 16px; color: #ffffff;\">Besuchte Website<\/span><\/li>\n<li><span style=\"font-family: georgia, palatino; font-size: 16px; color: #ffffff;\">Uhrzeit und Zeitpunkt des Zugriffes<\/span><\/li>\n<li><span style=\"font-family: georgia, palatino; font-size: 16px; color: #ffffff;\">Menge der gesendeten Daten in Byte<\/span><\/li>\n<li><span style=\"font-family: georgia, palatino; font-size: 16px; color: #ffffff;\">Quelle\/Verweis, von welchem Sie auf die Seite gelangten<\/span><\/li>\n<li><span style=\"font-family: georgia, palatino; font-size: 16px; color: #ffffff;\">Verwendeter Browser<\/span><\/li>\n<li><span style=\"font-family: georgia, palatino; font-size: 16px; color: #ffffff;\">Verwendetes Betriebssystem<\/span><\/li>\n<li><span style=\"font-family: georgia, palatino; font-size: 16px; color: #ffffff;\">Verwendete IP-Adresse<\/span><\/li>\n<\/ul>\n<p><span style=\"font-family: georgia, palatino; font-size: 16px; color: #ffffff;\">Diese Server-Logfiles werden f\u00fcr maximal 7 Tage gespeichert und anschlie\u00dfend gel\u00f6scht. Die Speicherung der Daten erfolgt aus Sicherheitsgr\u00fcnden, um z.B. Missbrauchsf\u00e4lle aufkl\u00e4ren zu k\u00f6nnen. M\u00fcssen Daten aus Beweisgr\u00fcnden aufgehoben werden, sind sie solange von der L\u00f6schung ausgenommen bis der Vorfall endg\u00fcltig gekl\u00e4rt ist.<\/span><\/p>\n\n\n\n<h2 style=\"text-align: center;\"><span style=\"font-family: never; font-size: 24px; color: #ffffff;\">Welche personenbezogenen Daten wir sammeln und warum wir sie sammeln<\/span><\/h2>\n\n\n\n<p><span style=\"font-size: 16px; color: #ffffff;\"><span style=\"font-family: georgia, palatino;\">Wir verarbeiten personenbezogene Daten wie Vorname, Nachname, IP-Adresse, E-Mail-Adresse, Wohnort, Postleitzahl und Inhaltsangaben aus dem Kontaktform<\/span><span style=\"font-family: georgia, palatino;\">ular und verwenden diese nur nach ausr\u00fccklicher Erlaubnis der betreffenden Nutzer und unter Einhaltung der geltenden Datenschutzbestimmungen f\u00fcr unser berechtigtes Interesse zur Erf\u00fcllung unserer vertraglich vereinbarten Leistungen und zur Optimierung unseres Online-Services.<\/span><\/span><\/p>\n<p><span style=\"font-family: georgia, palatino; font-size: 16px; color: #ffffff;\">Diese Website k\u00f6nnen Sie auch besuchen, ohne Angaben zu Ihrer Person zu machen. Zur Verbesserung unseres Online-Angebotes speichern wir jedoch (ohne Personenbezug) Ihre Zugriffsdaten auf diese Website. Zu diesen Zugriffsdaten geh\u00f6ren z.B. die von Ihnen angeforderte Datei oder der Name Ihres Internet-Providers. Durch die Anonymisierung der Daten sind R\u00fcckschl\u00fcsse auf Ihre Person nicht m\u00f6glich.<\/span><\/p>\n<p><span style=\"font-family: georgia, palatino; font-size: 16px; color: #ffffff;\">Der Websitebetreiber erhebt, nutzt und gibt ihre personenbezogenen Daten nur dann weiter, wenn dies im gesetzlichen Rahmen erlaubt ist oder Sie in die Datenerhebung einwilligen. Als personenbezogene Daten gelten s\u00e4mtliche Informationen, welche dazu dienen, Ihre Person zu bestimmen und welche zu Ihnen zur\u00fcckverfolgt werden k\u00f6nnen &#8211; also beispielsweise Ihr Name, Ihre E-Mail-Adresse und Telefonnummer.<\/span><\/p>\n\n\n\n<h3><span style=\"font-family: never; font-size: 28px;\">Kommentare<\/span><\/h3>\n\n\n\n<p><span style=\"font-family: georgia, palatino; font-size: 16px; color: #ffffff;\">Wenn Besucher Kommentare auf der Website schreiben, sammeln wir die Daten, die im Kommentar-Formular angezeigt werden, au\u00dferdem die IP-Adresse des Besuchers und den User-Agent-String (damit wird der Browser identifiziert), um die Erkennung von Spam zu unterst\u00fctzen.<\/span><\/p>\n\n\n\n<p><span style=\"font-family: georgia, palatino; font-size: 16px; color: #ffffff;\">Aus Ihrer E-Mail-Adresse kann eine anonymisierte Zeichenfolge erstellt (auch Hash genannt) und dem Gravatar-Dienst \u00fcbergeben werden, um zu pr\u00fcfen, ob Sie diesen benutzen. Die Datenschutzerkl\u00e4rung des Gravatar-Dienstes findest Sie hier:<span style=\"color: #ff9900;\"> https:\/\/automattic.com\/privacy\/<\/span>. Nachdem Ihr Kommentar freigegeben wurde, ist Ihr Profilbild \u00f6ffentlich im Kontext Ihres Kommentars sichtbar.<\/span><\/p>\n\n\n\n<h3><span style=\"font-family: never; font-size: 28px;\">Medien<\/span><\/h3>\n\n\n\n<p><span style=\"font-family: georgia, palatino; font-size: 16px; color: #ffffff;\">Soweit wir ihre personenbezogenen Daten bei Ihnen selbst erheben, ist die Bereitstellung Ihrer Daten grunds\u00e4tzlich freiwillig. <\/span><\/p>\n<p><span style=\"font-family: georgia, palatino; font-size: 16px; color: #ffffff;\">Wenn Sie ein registrierter Benutzer sind und Fotos auf diese Website laden, sollten Sie vermeiden, Fotos mit einem EXIF-GPS-Standort hochzuladen. Besucher dieser Website k\u00f6nnten Fotos, die auf dieser Website gespeichert sind, herunterladen und deren Standort-Informationen extrahieren.<\/span><\/p>\n<p><span style=\"color: #ffffff; font-family: georgia, palatino; font-size: 16px;\">Wir weisen darauf hin, dass die internetbasierte Daten\u00fcbertragung Sicherheitsl\u00fccken aufweist, ein l\u00fcckenloser Schutz vor Zugriffen durch Dritte somit unm\u00f6glich ist.<\/span><\/p>\n\n\n\n<h3 style=\"text-align: center;\"><span style=\"font-family: never; font-size: 32px; color: #ffffff;\">Kontaktformulare<\/span><\/h3>\n\n\n\n<p><span style=\"font-family: georgia, palatino; font-size: 16px; color: #ffffff;\">Nehmen Sie mit uns als Websitebetreiber durch die angebotenen Kontaktm\u00f6glichkeiten Verbindung auf, werden Ihre Angaben gespeichert, damit auf diese zur Bearbeitung und Beantwortung Ihrer Anfrage zur\u00fcckgegriffen werden kann. Ohne Ihre Einwilligung werden diese Daten nicht an Dritte weitergegeben.<\/span><\/p>\n<p><span style=\"font-family: georgia, palatino; color: #ffffff;\"><span style=\"font-size: 16px;\">Hinterlassen Sie auf dieser Website einen Beitrag oder Kommentar, wird Ihre IP-Adresse gespeichert. Dies erfolgt aufgrund unserer berechtigten Interessen im Sinne des Art. 6 Abs. 1 lit. f. DSGVO und dient der Sicherheit von uns als Websitebetreiber: Denn sollte Ihr Kommentar gegen geltendes Recht versto\u00dfen, k\u00f6nnen wir daf\u00fcr belangt werden, weshalb wir ein Interesse an der Identit\u00e4t des Kommentar- bzw. Beitragsautors haben.<\/span> <\/span><\/p>\n\n\n\n<h3><span style=\"font-family: never; font-size: 28px; color: #ffffff;\">Cookies<\/span><\/h3>\n\n\n\n<p><span style=\"color: #ffffff; font-size: 16px; font-family: georgia, palatino;\">Unsere Webseite verwendet so genannte Cookies. Dabei handelt es sich um kleine Textdateien, die mit Hilfe des Browsers auf Ihrem Endger\u00e4t gespeichert werden. Ihr Browser greift auf diese Dateien zu. Cookies richten keinen Schaden an. Durch den Einsatz von Cookies erh\u00f6ht sich die Benutzerfreundlichkeit und Sicherheit dieser Website. Wenn Sie dies nicht w\u00fcnschen, so k\u00f6nnen Sie Ihren Browser so einrichten, dass er Sie \u00fcber das Setzen von Cookies informiert und Sie dies nur im Einzelfall erlauben. Bei der Deaktivierung von Cookies kann die Funktionalit\u00e4t unserer Website eingeschr\u00e4nkt sein. <\/span><\/p>\n<p><span style=\"color: #ffffff; font-size: 16px; font-family: georgia, palatino;\">Wenn Sie einen Kommentar auf unserer Website schreiben, kann das eine Einwilligung sein, Ihren Namen, E-Mail-Adresse und Website in Cookies zu speichern. Dies ist eine Komfortfunktion, damit Sie nicht, wenn Sie einen weiteren Kommentar schreiben, all diese Daten erneut eingeben m\u00fcssen. Diese Cookies werden ein Jahr lang gespeichert.<\/span><\/p>\n\n\n\n<p><span style=\"font-family: georgia, palatino; font-size: 16px; color: #ffffff;\">Falls Sie ein Konto haben und sich auf dieser Website anmelden, werden wir ein tempor\u00e4res Cookie setzen, um festzustellen, ob Ihr Browser Cookies akzeptiert. Dieses Cookie enth\u00e4lt keine personenbezogenen Daten und wird verworfen, wenn Sie Ihren Browser schlie\u00dfen.<\/span><\/p>\n\n\n\n<p><span style=\"font-family: georgia, palatino; font-size: 16px; color: #ffffff;\">Wenn Sie sich anmelden, werden wir einige Cookies einrichten, um Ihre Anmeldeinformationen und Anzeigeoptionen zu speichern. Anmelde-Cookies verfallen nach zwei Tagen und Cookies f\u00fcr die Anzeigeoptionen nach einem Jahr. Falls Sie bei der Anmeldung \u201eAngemeldet bleiben\u201c ausw\u00e4hlen, wird Ihre Anmeldung zwei Wochen lang aufrechterhalten. Mit der Abmeldung aus Ihrem Konto werden die Anmelde-Cookies gel\u00f6scht.<\/span><\/p>\n\n\n\n<p><span style=\"color: #ffffff; font-size: 16px; font-family: georgia, palatino;\">Wenn Sie einen Artikel bearbeiten oder ver\u00f6ffentlichen, wird ein zus\u00e4tzlicher Cookie in Ihrem Browser gespeichert. Dieser Cookie enth\u00e4lt keine personenbezogenen Daten und verweist nur auf die Beitrags-ID des Artikels, den Sie gerade bearbeitet haben. Der Cookie verf\u00e4llt nach einem Tag.<\/span><\/p>\n\n\n\n<p><span style=\"font-family: georgia, palatino; font-size: 16px; color: #ffffff;\">Beitr\u00e4ge auf dieser Website k\u00f6nnen eingebettete Inhalte beinhalten (z. B. Videos, Bilder, Beitr\u00e4ge etc.). Eingebettete Inhalte von anderen Websites (z.B. YouTube) verhalten sich exakt so, als ob der Besucher die andere Website besucht h\u00e4tte.<\/span><\/p>\n\n\n\n<p><span style=\"font-family: georgia, palatino; font-size: 16px; color: #ffffff;\">Diese Websites k\u00f6nnen Daten \u00fcber Sie sammeln, Cookies benutzen, zus\u00e4tzliche Tracking-Dienste von Dritten einbetten und Ihre Interaktion mit diesem eingebetteten Inhalt aufzeichnen, inklusive Ihrer Interaktion mit dem eingebetteten Inhalt, falls Sie ein Konto haben und auf dieser Website angemeldet sind.<\/span><\/p>\n\n\n\n<p style=\"text-align: center;\"><span style=\"font-family: never; font-size: 24px; color: #ffffff;\">Nutzung von Socil-Media-Plugins <br><\/span><\/p>\n<p><span style=\"font-family: georgia, palatino; font-size: 16px; color: #ffffff;\">Aufgrund unseres berechtigten Interesses an der Analyse, Optimierung und dem Betrieb unseres Onine-Angebotes (im Sinne des Art. 6 Abs. 1 lit. f. DSGVO), verwendet diese Website verschiedene Social Media Plugins von verschiedenen sozialen Netzwerken, z.B. das Instagram-Plugin und das Facebook-Social-Plugin, welches von der Facebook Inc. ( 1 Hacker Way, Menlo Park, California 94025, USA) betrieben wird. Erkennbar sind die Einbindungen an dem Facebook-Logo bzw. an den Begriffen &#8222;Like&#8220;, &#8222;Gef\u00e4llt mir&#8220;, &#8222;Teilen&#8220; in den Farben Facebooks (Blau und Wei\u00df).<br><\/span><\/p>\n<p><span style=\"font-family: georgia, palatino; font-size: 16px; color: #ffffff;\">Mit Hilfe dieser PlugIns k\u00f6nnen Sie beispielsweise Inhalte teilen oder Produkte weiterempfehlen. Die PlugIns sind standardm\u00e4\u00dfig deaktiviert und senden daher keine Daten an andere Webseiten.<\/span><\/p>\n<p><span style=\"font-family: georgia, palatino; font-size: 16px; color: #ffffff;\">Wenn diese PlugIns aktiviert sind, baut Ihr Browser mit den Servern des jeweiligen sozialen Netzwerks eine direkte Verbindung auf, sobald Sie die Webseite des Betreibers aufrufen. Der Inhalt des jeweiligen PlugIns wird vom sozialen Netzwerk direkt an Ihren Browser \u00fcbermittelt und von diesem in die Webseite eingebunden.<\/span><\/p>\n<p><span style=\"font-family: georgia, palatino; font-size: 16px; color: #ffffff;\">Durch die Einbindung der PlugIns erh\u00e4lt das soziale Netzwerk die Information, dass Sie die entsprechende Seite des Betreibers aufgerufen haben. Sind Sie bei dem sozialen Netzwerk eingeloggt, kann dieses den Besuch Ihrem Konto zuordnen. Wenn Sie mit den PlugIns interagieren, wird die entsprechende Information von Ihrem Browser direkt an das soziale Netzwerk \u00fcbermittelt und dort gespeichert.<\/span><\/p>\n<p><span style=\"font-family: georgia, palatino; font-size: 16px; color: #ffffff;\">Zweck und Umfang der Datenerhebung und die weitere Verarbeitung und Nutzung der Daten durch soziale Netzwerke sowie Ihre diesbez\u00fcglichen Rechte und Einstellungsm\u00f6glichkeiten zum Schutz Ihrer Privatsph\u00e4re entnehmen Sie bitte den Datenschutzhinweisen der jeweiligen Netzwerke.<\/span><\/p>\n<p><span style=\"font-family: georgia, palatino; font-size: 16px; color: #ffffff;\">Wenn Sie nicht m\u00f6chten, dass soziale Netzwerke \u00fcber die Webseite des Betreibers Daten \u00fcber Sie sammeln, m\u00fcssen Sie sich vor Ihrem Besuch unserer Webseite bei diesen Netzwerken ausloggen oder die Social Media PlugIns deaktivieren.<\/span><\/p>\n<p><span style=\"font-family: georgia, palatino; font-size: 16px; color: #ffffff;\">Auch wenn Sie bei den sozialen Netzwerken nicht angemeldet sind, k\u00f6nnen von Webseiten mit aktiven Social Media PlugIns Daten an diese Netzwerke gesendet werden. Durch einen aktiven PlugIns wird bei jedem Aufruf der Webseite ein Cookie mit einer Kennung gesetzt. Da Ihr Browser diesen Cookie bei jeder Verbindung mit einem Netzwerk-Server ungefragt mitsendet, k\u00f6nnte das Netzwerk damit prinzipiell ein Profil erstellen, welche Webseiten der zu der Kennung geh\u00f6rende Anwender aufgerufen hat. Und es w\u00e4re dann auch durchaus m\u00f6glich, diese Kennung sp\u00e4ter \u2013 etwa beim sp\u00e4teren Anmelden bei dem sozialen Netzwerk \u2013 auch wieder einer Person zuzuordnen.<\/span><\/p>\n<p><span style=\"font-family: georgia, palatino; font-size: 16px; color: #ffffff;\">Der Betreiber nutzt folgende PlugIns:<\/span><\/p>\n<ul>\n<li><span style=\"font-family: georgia, palatino; font-size: 16px; color: #ffffff;\">Facebook (angeboten von der Facebook Inc., 1601 S. California Ave, Palo Alto, CA 94304 USA) Die Datenschutzrichtlinie von Facebook k\u00f6nnen Sie hier abrufen: <a style=\"color: #ffffff;\" href=\"https:\/\/www.facebook.com\/about\/privacy\/your-info\" target=\"_blank\" rel=\"noopener noreferrer\">https:\/\/www.facebook.com\/about\/privacy\/your-info<\/a><\/span><\/li>\n<li><span style=\"font-family: georgia, palatino; font-size: 16px; color: #ffffff;\">Instagram (angeboten von der InstagramInc., 1601 Willow Road, Menlo Park, CA, 94025, USA) Die Datenschutzrichtlinie von Instagram k\u00f6nnen Sie hier abrufen: <a style=\"color: #ffffff;\" href=\"https:\/\/help.instagram.com\/155833707900388\" target=\"_blank\" rel=\"noopener noreferrer\">https:\/\/help.instagram.com\/155833707900388<\/a><\/span><\/li>\n<\/ul>\n<p><span style=\"font-family: georgia, palatino; font-size: 16px; color: #ffffff;\">Wir erheben und verarbeiten Ihre personenbezogenen Daten im \u00dcbrigen nur, wenn Sie bestimmte Dienstleistungen abrufen und wir hierf\u00fcr Ihre Daten ben\u00f6tigen oder wenn Sie uns freiwillig Ihre ausdr\u00fcckliche Einwilligung dazu erteilt haben. Rechtsgrundlagen der Verarbeitung sind Art. 6 Abs. 1 b DSGVO bzw. Art. 6 Abs. 1 a DSGVO.<\/span><\/p>\n<p><span style=\"font-family: georgia, palatino; font-size: 16px; color: #ffffff;\">Sie k\u00f6nnen dies beispielsweise im Rahmen einer Anmeldung tun, indem Sie ein entsprechendes Formular ausf\u00fcllen oder uns eine E-Mail senden, Produkte oder Dienstleistungen bestellen, Anfragen an uns richten oder eine Registrierung vornehmen. Sofern keine anderslautenden gesetzlichen Verpflichtungen bestehen, verwenden wir Ihre pers\u00f6nlichen Daten nur zu den Zwecken, f\u00fcr die Sie Ihre Einwilligung erteilt haben.<\/span><\/p>\n<p><span style=\"font-family: georgia, palatino; font-size: 16px; color: #ffffff;\">Facebook Inc. h\u00e4lt das europ\u00e4ische Datenschutzrecht ein und ist unter dem Privacy-Shield-Abkommen zertifiziert: <span style=\"color: #ff9900;\">https:\/\/www.privacyshield.gov\/participant?id=a2zt0000000GnywAAC&amp;status=Active<\/span><\/span><\/p>\n<p><span style=\"font-family: georgia, palatino; font-size: 16px; color: #ffffff;\">Die Plugins stellen eine direkte Verbindung zwischen Ihrem Browser , den Facebook-Servern und Instagram-Servern her. Der Websitebetreiber hat keinerlei Einfluss auf die Natur und den Umfang der Daten, welche die Plugins an die Server der Facebook Inc. oder Instagram \u00fcbermitteln. <\/span><\/p>\n<p><span style=\"font-family: georgia, palatino; font-size: 16px; color: #ffffff;\">Die Plugins informieren die Facebook Inc. und Instagram dar\u00fcber, dass Sie als Nutzer diese Website besucht haben. Es besteht hierbei die M\u00f6glichkeit, dass Ihre IP-Adresse gespeichert wird. Sind Sie w\u00e4hrend des Besuchs auf dieser Website in Ihrem Facebook-Konto oder Instagram-Konto&nbsp; eingeloggt, werden die genannten Informationen mit diesem verkn\u00fcpft.<\/span><\/p>\n<p><span style=\"font-family: georgia, palatino; font-size: 16px; color: #ffffff;\">Nutzen Sie die Funktion des Plugins etwa indem Sie einen Beitrag teilen oder &#8222;liken&#8220; -, werden die entsprechenden Informationen ebenfalls an die Facebook Inc. oder Instagram \u00fcbermittelt. M\u00f6chten Sie verhindern, dass die Facebook Inc. und Instagram diese Daten mit Ihrem Facebook-Konto oder instagram -Konto verkn\u00fcpft, loggen Sie sich bitte vor dem Besuch dieser Website bei Facebook oder Instgram aus und l\u00f6schen Sie die gespeicherten Cookies. \u00dcber Ihr Facebook- oder Instagram-Profil k\u00f6nnen Sie weitere Einstellungen zur Datenverarbeitung f\u00fcr Werbezwecke t\u00e4tigen oder der Nutzung Ihrer Daten f\u00fcr Werbezwecke widersprechen. <\/span><\/p>\n<p><span style=\"font-family: georgia, palatino; font-size: 16px;\"><span style=\"color: #ffffff;\">Welche Daten, zu welchem Zweck und in welchem Umfang Facebook oder Instagram Daten erhebt, nutzt und verarbeitet und welche Rechte sowie Einstellungsm\u00f6glichkeiten Sie zum Schutz Ihrer Privatsph\u00e4re haben, k\u00f6nnen Sie in den Datenschutzrichtlinien von Facebook oder Instagram nachlesen. Diese finden Sie hier:<\/span> <span style=\"color: #ff9900;\">https:\/\/www.facebook.com\/about\/privacy\/<\/span><\/span><\/p>\n\n\n\n<h3 style=\"text-align: center;\"><span style=\"font-family: never; font-size: 28px; color: #ffffff;\">Analysedienste<\/span><\/h3>\n\n\n\n<h2><span style=\"font-family: never; font-size: 24px; color: #ffffff;\">Wie lange wir Ihre Daten speichern<\/span><\/h2>\n\n\n\n<p><span style=\"font-family: georgia, palatino; font-size: 16px; color: #ffffff;\">Wenn Sie einen Kommentar schreiben, wird dieser inklusive Metadaten zeitlich unbegrenzt gespeichert. Auf diese Art k\u00f6nnen wir Folgekommentare automatisch erkennen und freigeben, anstelle sie in einer Moderations-Warteschlange festzuhalten.<\/span><\/p>\n\n\n\n<p><span style=\"font-family: georgia, palatino; font-size: 16px; color: #ffffff;\">F\u00fcr Benutzer, die sich auf unserer Website registrieren, speichern wir zus\u00e4tzlich die pers\u00f6nlichen Informationen, die sie in ihren Benutzerprofilen angeben. Alle Benutzer k\u00f6nnen jederzeit ihre pers\u00f6nlichen Informationen einsehen, ver\u00e4ndern oder l\u00f6schen (der Benutzername kann nicht ver\u00e4ndert werden). Administratoren der Website k\u00f6nnen diese Informationen ebenfalls einsehen und ver\u00e4ndern. <br><\/span><\/p>\n<p><span style=\"font-family: georgia, palatino; font-size: 16px; color: #ffffff;\">Wir speichern Daten solange, wie dies gesetzlich notwendig ist oder zur Erbringung der von Ihnen angeforderten Dienstleistung erforderlich ist oder in einer entsprechenden Einwilligung festgelegt wurde.<\/span><\/p>\n\n\n\n<h2><span style=\"font-family: never; color: #ffffff; font-size: 24px;\">Welche Rechte Sie an Ihren Daten haben<\/span><\/h2>\n\n\n\n<p><span style=\"font-family: georgia, palatino; font-size: 16px; color: #ffffff;\">Wenn Sie ein Konto auf dieser Website besitzen oder Kommentare geschrieben haben, k\u00f6nnen Sie einen Export Ihrer personenbezogenen Daten bei uns anfordern, inklusive aller Daten, die Sie uns mitgeteilt haben. Dar\u00fcber hinaus k\u00f6nnen Sie die L\u00f6schung aller personenbezogenen Daten, die wir von Ihnen gespeichert haben, anfordern. Dies umfasst nicht die Daten, die wir aufgrund administrativer, rechtlicher oder sicherheitsrelevanter Notwendigkeiten aufbewahren m\u00fcssen.<\/span><\/p>\n\n\n\n<p style=\"text-align: center;\"><span style=\"font-family: never; font-size: 24px; color: #ffffff;\">Widerspruchsrecht<\/span><\/p>\n<p><span style=\"font-family: georgia, palatino; font-size: 16px; color: #ffffff;\">Nutzer dieser Website k\u00f6nnen von Ihrem Widerspruchsrecht Gebrauch machen und der Verarbeitung Ihrer personenbezogenen Daten zu jeder Zeit widersprechen.<\/span><\/p>\n<p><span style=\"font-family: georgia, palatino; font-size: 16px; color: #ffffff;\">Wenn Sie eine Berichtigung, Sperrung, L\u00f6schung oder Auskunft \u00fcber die zu Ihrer Person gespeicherten personenbezogenen Daten w\u00fcnschen oder Fragen bzgl. der Erhebeung, Verarbeitung oder Verwendung Ihrer personenbezogenen Daten haben oder erteilte Einwilligungen widerrufen m\u00f6chten, wenden Sie sich bitte an folgene E-Mail-Adresse: <span style=\"color: #ff9900;\">teuflischekreaturen@gmx.at.<\/span><\/span><\/p>\n","protected":false},"excerpt":{"rendered":"<p>Vielen Dank f\u00fcr Ihr Interesse an unserer Webseite des Perchtenvereins &#8220; Teuflische Kreaturen&#8220;. Wir nehmen die Themen Datenschutz und Vertraulichkeit sehr ernst und folgen den geltenden nationalen und europ\u00e4ischen Datenschutzvorschriften. Deshalb m\u00f6chten wir Sie mit dieser Erkl\u00e4rung \u00fcber Ma\u00dfnahmen zum Datenschutz in Kenntnis setzen und dar\u00fcber informieren, welche Daten wir gegebenenfalls speichern und wie wir [&hellip;]<\/p>\n","protected":false},"author":1,"featured_media":0,"parent":0,"menu_order":0,"comment_status":"closed","ping_status":"closed","template":"","meta":{"footnotes":""},"class_list":["post-1165","page","type-page","status-publish","hentry"],"_links":{"self":[{"href":"http:\/\/www.teuflischekreaturen.at\/htdocs\/wp-json\/wp\/v2\/pages\/1165","targetHints":{"allow":["GET"]}}],"collection":[{"href":"http:\/\/www.teuflischekreaturen.at\/htdocs\/wp-json\/wp\/v2\/pages"}],"about":[{"href":"http:\/\/www.teuflischekreaturen.at\/htdocs\/wp-json\/wp\/v2\/types\/page"}],"author":[{"embeddable":true,"href":"http:\/\/www.teuflischekreaturen.at\/htdocs\/wp-json\/wp\/v2\/users\/1"}],"replies":[{"embeddable":true,"href":"http:\/\/www.teuflischekreaturen.at\/htdocs\/wp-json\/wp\/v2\/comments?post=1165"}],"version-history":[{"count":83,"href":"http:\/\/www.teuflischekreaturen.at\/htdocs\/wp-json\/wp\/v2\/pages\/1165\/revisions"}],"predecessor-version":[{"id":1405,"href":"http:\/\/www.teuflischekreaturen.at\/htdocs\/wp-json\/wp\/v2\/pages\/1165\/revisions\/1405"}],"wp:attachment":[{"href":"http:\/\/www.teuflischekreaturen.at\/htdocs\/wp-json\/wp\/v2\/media?parent=1165"}],"curies":[{"name":"wp","href":"https:\/\/api.w.org\/{rel}","templated":true}]}}